{"id":2376,"date":"2026-01-19T19:56:21","date_gmt":"2026-01-19T19:56:21","guid":{"rendered":"https:\/\/keymicleaningservicesllc.com\/about\/"},"modified":"2026-02-20T02:03:21","modified_gmt":"2026-02-20T02:03:21","slug":"about","status":"publish","type":"page","link":"https:\/\/keymicleaningservicesllc.com\/es\/about\/","title":{"rendered":"Sobre Nosotros"},"content":{"rendered":"<div data-elementor-type=\"wp-post\" data-elementor-id=\"2376\" class=\"elementor elementor-2376\">\n\t\t\t\t<div class=\"elementor-element elementor-element-f58fc34 e-flex e-con-boxed e-con e-parent\" data-id=\"f58fc34\" data-element_type=\"container\" data-e-type=\"container\" data-settings=\"{&quot;background_background&quot;:&quot;classic&quot;}\">\n\t\t\t\t\t<div class=\"e-con-inner\">\n\t\t<div class=\"elementor-element elementor-element-b3b6382 e-con-full e-flex e-con e-child\" data-id=\"b3b6382\" data-element_type=\"container\" data-e-type=\"container\">\n\t\t\t\t<div class=\"elementor-element elementor-element-55523c2 elementor-widget elementor-widget-heading\" data-id=\"55523c2\" data-element_type=\"widget\" data-e-type=\"widget\" data-widget_type=\"heading.default\">\n\t\t\t\t<div class=\"elementor-widget-container\">\n\t\t\t\t\t<h1 class=\"elementor-heading-title elementor-size-default\">equipo de limpieza<\/h1>\t\t\t\t<\/div>\n\t\t\t\t<\/div>\n\t\t\t\t<\/div>\n\t\t\t\t\t<\/div>\n\t\t\t\t<\/div>\n\t\t<div class=\"elementor-element elementor-element-dd8a8e2 e-flex e-con-boxed e-con e-parent\" data-id=\"dd8a8e2\" data-element_type=\"container\" data-e-type=\"container\" data-settings=\"{&quot;background_background&quot;:&quot;classic&quot;}\">\n\t\t\t\t\t<div class=\"e-con-inner\">\n\t\t<div class=\"elementor-element elementor-element-f190299 e-con-full e-flex e-con e-child\" data-id=\"f190299\" data-element_type=\"container\" data-e-type=\"container\">\n\t\t\t\t<div class=\"elementor-element elementor-element-4c770cc elementor-position-top elementor-widget elementor-widget-image-box\" data-id=\"4c770cc\" data-element_type=\"widget\" data-e-type=\"widget\" data-widget_type=\"image-box.default\">\n\t\t\t\t<div class=\"elementor-widget-container\">\n\t\t\t\t\t<div class=\"elementor-image-box-wrapper\"><figure class=\"elementor-image-box-img\"><img fetchpriority=\"high\" decoding=\"async\" width=\"768\" height=\"826\" src=\"https:\/\/keymicleaningservicesllc.com\/wp-content\/uploads\/2026\/02\/Keyma-768x826.jpeg\" class=\"attachment-medium_large size-medium_large wp-image-2503\" alt=\"keyma\" srcset=\"https:\/\/keymicleaningservicesllc.com\/wp-content\/uploads\/2026\/02\/Keyma-768x826.jpeg 768w, https:\/\/keymicleaningservicesllc.com\/wp-content\/uploads\/2026\/02\/Keyma-279x300.jpeg 279w, https:\/\/keymicleaningservicesllc.com\/wp-content\/uploads\/2026\/02\/Keyma-952x1024.jpeg 952w, https:\/\/keymicleaningservicesllc.com\/wp-content\/uploads\/2026\/02\/Keyma-11x12.jpeg 11w, https:\/\/keymicleaningservicesllc.com\/wp-content\/uploads\/2026\/02\/Keyma.jpeg 1026w\" sizes=\"(max-width: 768px) 100vw, 768px\" \/><\/figure><div class=\"elementor-image-box-content\"><h4 class=\"elementor-image-box-title\">Keymi Cabrera<\/h4><p class=\"elementor-image-box-description\">Fundadora<\/p><\/div><\/div>\t\t\t\t<\/div>\n\t\t\t\t<\/div>\n\t\t\t\t<\/div>\n\t\t<div class=\"elementor-element elementor-element-84621e7 e-con-full e-flex e-con e-child\" data-id=\"84621e7\" data-element_type=\"container\" data-e-type=\"container\">\n\t\t\t\t<div class=\"elementor-element elementor-element-719c27b elementor-widget elementor-widget-image-box\" data-id=\"719c27b\" data-element_type=\"widget\" data-e-type=\"widget\" data-widget_type=\"image-box.default\">\n\t\t\t\t<div class=\"elementor-widget-container\">\n\t\t\t\t\t<div class=\"elementor-image-box-wrapper\"><div class=\"elementor-image-box-content\"><h2 class=\"elementor-image-box-title\">Hacemos que tu hogar quede impecable<\/h2><p class=\"elementor-image-box-description\">Al elegir un servicio de limpieza, hay detalles que marcan la diferencia.\nExisten los \u201cextras\u201d que hacen que tu hogar sea m\u00e1s c\u00f3modo \u2014como cambiar la ropa de cama o limpiar el interior del refrigerador\u2014 y tambi\u00e9n est\u00e1n lo esencial, como estar asegurado, tener licencia y ofrecer una verdadera garant\u00eda de satisfacci\u00f3n.\n\nEn Keymi Cleaning Services, nos ocupamos de ambos.\n\nNo solo realizamos una limpieza profunda y detallada, sino que tambi\u00e9n trabajamos con profesionalismo, responsabilidad y compromiso en cada visita. Nuestro equipo est\u00e1 cuidadosamente seleccionado y capacitado para brindar un servicio seguro, confiable y constante en cada hogar o espacio comercial.\n\nSi sientes que tu servicio actual no cumple con tus expectativas, o si buscas una empresa que realmente comprenda tus necesidades, es momento de hablar.\n\n\ud83d\udccd Atendemos Morristown y todo el condado de Morris, NJ.<\/p><\/div><\/div>\t\t\t\t<\/div>\n\t\t\t\t<\/div>\n\t\t\t\t<\/div>\n\t\t\t\t\t<\/div>\n\t\t\t\t<\/div>\n\t\t<div class=\"elementor-element elementor-element-ef4208c e-flex e-con-boxed e-con e-parent\" data-id=\"ef4208c\" data-element_type=\"container\" data-e-type=\"container\" data-settings=\"{&quot;background_background&quot;:&quot;classic&quot;}\">\n\t\t\t\t\t<div class=\"e-con-inner\">\n\t\t<div class=\"elementor-element elementor-element-df80c04 e-flex e-con-boxed e-con e-child\" data-id=\"df80c04\" data-element_type=\"container\" data-e-type=\"container\">\n\t\t\t\t\t<div class=\"e-con-inner\">\n\t\t\t\t<div class=\"elementor-element elementor-element-5a0184d elementor-widget elementor-widget-heading\" data-id=\"5a0184d\" data-element_type=\"widget\" data-e-type=\"widget\" data-widget_type=\"heading.default\">\n\t\t\t\t<div class=\"elementor-widget-container\">\n\t\t\t\t\t<h2 class=\"elementor-heading-title elementor-size-default\">\u201cResultados impecables, servicio confiable y garant\u00eda total con cada limpieza.\u201d<\/h2>\t\t\t\t<\/div>\n\t\t\t\t<\/div>\n\t\t<div class=\"elementor-element elementor-element-c6b4da8 e-flex e-con-boxed e-con e-child\" data-id=\"c6b4da8\" data-element_type=\"container\" data-e-type=\"container\">\n\t\t\t\t\t<div class=\"e-con-inner\">\n\t\t<div class=\"elementor-element elementor-element-51730d9 e-con-full e-flex e-con e-child\" data-id=\"51730d9\" data-element_type=\"container\" data-e-type=\"container\">\n\t\t\t\t<div class=\"elementor-element elementor-element-c03146a elementor-widget-tablet__width-inherit elementor-widget elementor-widget-image-box\" data-id=\"c03146a\" data-element_type=\"widget\" data-e-type=\"widget\" data-widget_type=\"image-box.default\">\n\t\t\t\t<div class=\"elementor-widget-container\">\n\t\t\t\t\t<div class=\"elementor-image-box-wrapper\"><div class=\"elementor-image-box-content\"><h6 class=\"elementor-image-box-title\">Garant\u00eda de calidad profesional<\/h6><\/div><\/div>\t\t\t\t<\/div>\n\t\t\t\t<\/div>\n\t\t\t\t<\/div>\n\t\t<div class=\"elementor-element elementor-element-77e505c e-con-full e-flex e-con e-child\" data-id=\"77e505c\" data-element_type=\"container\" data-e-type=\"container\">\n\t\t\t\t<div class=\"elementor-element elementor-element-1da0815 elementor-widget-tablet__width-inherit elementor-widget elementor-widget-image-box\" data-id=\"1da0815\" data-element_type=\"widget\" data-e-type=\"widget\" data-widget_type=\"image-box.default\">\n\t\t\t\t<div class=\"elementor-widget-container\">\n\t\t\t\t\t<div class=\"elementor-image-box-wrapper\"><div class=\"elementor-image-box-content\"><h6 class=\"elementor-image-box-title\">pagos f\u00e1ciles y asequibles<\/h6><\/div><\/div>\t\t\t\t<\/div>\n\t\t\t\t<\/div>\n\t\t\t\t<\/div>\n\t\t<div class=\"elementor-element elementor-element-f736113 e-con-full e-flex e-con e-child\" data-id=\"f736113\" data-element_type=\"container\" data-e-type=\"container\">\n\t\t\t\t<div class=\"elementor-element elementor-element-c0e8d85 elementor-widget-tablet__width-inherit elementor-widget elementor-widget-image-box\" data-id=\"c0e8d85\" data-element_type=\"widget\" data-e-type=\"widget\" data-widget_type=\"image-box.default\">\n\t\t\t\t<div class=\"elementor-widget-container\">\n\t\t\t\t\t<div class=\"elementor-image-box-wrapper\"><div class=\"elementor-image-box-content\"><h6 class=\"elementor-image-box-title\">mejor garant\u00eda de producto<\/h6><\/div><\/div>\t\t\t\t<\/div>\n\t\t\t\t<\/div>\n\t\t\t\t<\/div>\n\t\t\t\t\t<\/div>\n\t\t\t\t<\/div>\n\t\t\t\t<div class=\"elementor-element elementor-element-2661782 elementor-widget elementor-widget-text-editor\" data-id=\"2661782\" data-element_type=\"widget\" data-e-type=\"widget\" data-widget_type=\"text-editor.default\">\n\t\t\t\t<div class=\"elementor-widget-container\">\n\t\t\t\t\t\t\t\t\t<p>Atendemos hogares y negocios en Morristown y en todo el condado de Morris con est\u00e1ndares profesionales, atenci\u00f3n al detalle y un compromiso genuino con su tranquilidad.<\/p>\t\t\t\t\t\t\t\t<\/div>\n\t\t\t\t<\/div>\n\t\t\t\t\t<\/div>\n\t\t\t\t<\/div>\n\t\t\t\t\t<\/div>\n\t\t\t\t<\/div>\n\t\t<div class=\"elementor-element elementor-element-4671824 e-flex e-con-boxed e-con e-parent\" data-id=\"4671824\" data-element_type=\"container\" data-e-type=\"container\" data-settings=\"{&quot;background_background&quot;:&quot;classic&quot;}\">\n\t\t\t\t\t<div class=\"e-con-inner\">\n\t\t<div class=\"elementor-element elementor-element-b2a8834 e-con-full e-flex e-con e-child\" data-id=\"b2a8834\" data-element_type=\"container\" data-e-type=\"container\">\n\t\t\t\t<div class=\"elementor-element elementor-element-1ed32fd elementor-widget elementor-widget-heading\" data-id=\"1ed32fd\" data-element_type=\"widget\" data-e-type=\"widget\" data-widget_type=\"heading.default\">\n\t\t\t\t<div class=\"elementor-widget-container\">\n\t\t\t\t\t<h2 class=\"elementor-heading-title elementor-size-default\">\u00a1Oferta por tiempo limitado!<\/h2>\t\t\t\t<\/div>\n\t\t\t\t<\/div>\n\t\t<div class=\"elementor-element elementor-element-9d81a66 e-con-full e-flex e-con e-child\" data-id=\"9d81a66\" data-element_type=\"container\" data-e-type=\"container\" data-settings=\"{&quot;background_background&quot;:&quot;classic&quot;}\">\n\t\t<div class=\"elementor-element elementor-element-e9e27ad e-con-full e-flex e-con e-child\" data-id=\"e9e27ad\" data-element_type=\"container\" data-e-type=\"container\">\n\t\t\t\t<div class=\"elementor-element elementor-element-3514a88 elementor-invisible elementor-widget elementor-widget-heading\" data-id=\"3514a88\" data-element_type=\"widget\" data-e-type=\"widget\" data-settings=\"{&quot;_animation&quot;:&quot;fadeInLeft&quot;}\" data-widget_type=\"heading.default\">\n\t\t\t\t<div class=\"elementor-widget-container\">\n\t\t\t\t\t<h4 class=\"elementor-heading-title elementor-size-default\">Agenda la limpieza ahora y recibe un presupuesto gratis<\/h4>\t\t\t\t<\/div>\n\t\t\t\t<\/div>\n\t\t\t\t<\/div>\n\t\t<div class=\"elementor-element elementor-element-1f309d8 e-con-full e-flex e-con e-child\" data-id=\"1f309d8\" data-element_type=\"container\" data-e-type=\"container\">\n\t\t\t\t<div class=\"elementor-element elementor-element-2129981 elementor-align-center elementor-tablet-align-center elementor-mobile-align-center elementor-widget elementor-widget-button\" data-id=\"2129981\" data-element_type=\"widget\" data-e-type=\"widget\" data-widget_type=\"button.default\">\n\t\t\t\t<div class=\"elementor-widget-container\">\n\t\t\t\t\t\t\t\t\t<div class=\"elementor-button-wrapper\">\n\t\t\t\t\t<a class=\"elementor-button elementor-button-link elementor-size-sm elementor-animation-float\" href=\"#popmake-2561\">\n\t\t\t\t\t\t<span class=\"elementor-button-content-wrapper\">\n\t\t\t\t\t\t\t\t\t<span class=\"elementor-button-text\">obtener un presupuesto<\/span>\n\t\t\t\t\t<\/span>\n\t\t\t\t\t<\/a>\n\t\t\t\t<\/div>\n\t\t\t\t\t\t\t\t<\/div>\n\t\t\t\t<\/div>\n\t\t\t\t<\/div>\n\t\t\t\t<\/div>\n\t\t\t\t<\/div>\n\t\t\t\t\t<\/div>\n\t\t\t\t<\/div>\n\t\t<div class=\"elementor-element elementor-element-608ece4 e-flex e-con-boxed e-con e-parent\" data-id=\"608ece4\" data-element_type=\"container\" data-e-type=\"container\" data-settings=\"{&quot;background_background&quot;:&quot;classic&quot;}\">\n\t\t\t\t\t<div class=\"e-con-inner\">\n\t\t<div class=\"elementor-element elementor-element-c9125b6 e-con-full e-flex e-con e-child\" data-id=\"c9125b6\" data-element_type=\"container\" data-e-type=\"container\">\n\t\t\t\t<div class=\"elementor-element elementor-element-cafb54c elementor-widget elementor-widget-heading\" data-id=\"cafb54c\" data-element_type=\"widget\" data-e-type=\"widget\" data-widget_type=\"heading.default\">\n\t\t\t\t<div class=\"elementor-widget-container\">\n\t\t\t\t\t<h2 class=\"elementor-heading-title elementor-size-default\">NUESTRO EQUIPO DE LIMPIEZA<\/h2>\t\t\t\t<\/div>\n\t\t\t\t<\/div>\n\t\t\t\t<div class=\"elementor-element elementor-element-bb1f437 elementor-widget elementor-widget-text-editor\" data-id=\"bb1f437\" data-element_type=\"widget\" data-e-type=\"widget\" data-widget_type=\"text-editor.default\">\n\t\t\t\t<div class=\"elementor-widget-container\">\n\t\t\t\t\t\t\t\t\t<p>En Keymi Cleaning Services, trabajamos con un equipo cuidadosamente seleccionado que est\u00e1 capacitado y comprometido con la excelencia. Cada miembro es evaluado y entrenado para ofrecer un servicio seguro, profesional y minucioso, para que puedas sentirte completamente tranquilo al recibirnos en tu hogar o negocio.<\/p>\t\t\t\t\t\t\t\t<\/div>\n\t\t\t\t<\/div>\n\t\t\t\t<div class=\"elementor-element elementor-element-89b885f elementor-icon-list--layout-traditional elementor-list-item-link-full_width elementor-widget elementor-widget-icon-list\" data-id=\"89b885f\" data-element_type=\"widget\" data-e-type=\"widget\" data-widget_type=\"icon-list.default\">\n\t\t\t\t<div class=\"elementor-widget-container\">\n\t\t\t\t\t\t\t<ul class=\"elementor-icon-list-items\">\n\t\t\t\t\t\t\t<li class=\"elementor-icon-list-item\">\n\t\t\t\t\t\t\t\t\t\t\t<span class=\"elementor-icon-list-icon\">\n\t\t\t\t\t\t\t<i aria-hidden=\"true\" class=\"far fa-check-square\"><\/i>\t\t\t\t\t\t<\/span>\n\t\t\t\t\t\t\t\t\t\t<span class=\"elementor-icon-list-text\">experimentado y profesional<\/span>\n\t\t\t\t\t\t\t\t\t<\/li>\n\t\t\t\t\t\t\t\t<li class=\"elementor-icon-list-item\">\n\t\t\t\t\t\t\t\t\t\t\t<span class=\"elementor-icon-list-icon\">\n\t\t\t\t\t\t\t<i aria-hidden=\"true\" class=\"far fa-check-square\"><\/i>\t\t\t\t\t\t<\/span>\n\t\t\t\t\t\t\t\t\t\t<span class=\"elementor-icon-list-text\">referencias verificadas<\/span>\n\t\t\t\t\t\t\t\t\t<\/li>\n\t\t\t\t\t\t\t\t<li class=\"elementor-icon-list-item\">\n\t\t\t\t\t\t\t\t\t\t\t<span class=\"elementor-icon-list-icon\">\n\t\t\t\t\t\t\t<i aria-hidden=\"true\" class=\"far fa-check-square\"><\/i>\t\t\t\t\t\t<\/span>\n\t\t\t\t\t\t\t\t\t\t<span class=\"elementor-icon-list-text\">entrevista presencial<\/span>\n\t\t\t\t\t\t\t\t\t<\/li>\n\t\t\t\t\t\t\t\t<li class=\"elementor-icon-list-item\">\n\t\t\t\t\t\t\t\t\t\t\t<span class=\"elementor-icon-list-icon\">\n\t\t\t\t\t\t\t<i aria-hidden=\"true\" class=\"far fa-check-square\"><\/i>\t\t\t\t\t\t<\/span>\n\t\t\t\t\t\t\t\t\t\t<span class=\"elementor-icon-list-text\">honesto y confiable<\/span>\n\t\t\t\t\t\t\t\t\t<\/li>\n\t\t\t\t\t\t\t\t<li class=\"elementor-icon-list-item\">\n\t\t\t\t\t\t\t\t\t\t\t<span class=\"elementor-icon-list-icon\">\n\t\t\t\t\t\t\t<i aria-hidden=\"true\" class=\"far fa-check-square\"><\/i>\t\t\t\t\t\t<\/span>\n\t\t\t\t\t\t\t\t\t\t<span class=\"elementor-icon-list-text\">asegurado y garantizado<\/span>\n\t\t\t\t\t\t\t\t\t<\/li>\n\t\t\t\t\t\t<\/ul>\n\t\t\t\t\t\t<\/div>\n\t\t\t\t<\/div>\n\t\t\t\t<\/div>\n\t\t<div class=\"elementor-element elementor-element-1b7068b e-con-full e-flex e-con e-child\" data-id=\"1b7068b\" data-element_type=\"container\" data-e-type=\"container\">\n\t\t\t\t<div class=\"elementor-element elementor-element-ab153b7 elementor-widget elementor-widget-image\" data-id=\"ab153b7\" data-element_type=\"widget\" data-e-type=\"widget\" data-widget_type=\"image.default\">\n\t\t\t\t<div class=\"elementor-widget-container\">\n\t\t\t\t\t\t\t\t\t\t\t\t\t\t\t<img decoding=\"async\" width=\"1000\" height=\"600\" src=\"https:\/\/keymicleaningservicesllc.com\/wp-content\/uploads\/2020\/05\/cleaning-team.jpg\" class=\"attachment-large size-large wp-image-1327\" alt=\"cleaning team\" \/>\t\t\t\t\t\t\t\t\t\t\t\t\t\t\t<\/div>\n\t\t\t\t<\/div>\n\t\t\t\t<\/div>\n\t\t\t\t\t<\/div>\n\t\t\t\t<\/div>\n\t\t<div class=\"elementor-element elementor-element-bf6349e e-flex e-con-boxed e-con e-parent\" data-id=\"bf6349e\" data-element_type=\"container\" data-e-type=\"container\">\n\t\t\t\t\t<div class=\"e-con-inner\">\n\t\t<div class=\"elementor-element elementor-element-7ee0438 e-con-full e-flex e-con e-child\" data-id=\"7ee0438\" data-element_type=\"container\" data-e-type=\"container\">\n\t\t\t\t<div class=\"elementor-element elementor-element-d6b1b7b elementor-widget elementor-widget-text-editor\" data-id=\"d6b1b7b\" data-element_type=\"widget\" data-e-type=\"widget\" data-widget_type=\"text-editor.default\">\n\t\t\t\t<div class=\"elementor-widget-container\">\n\t\t\t\t\t\t\t\t\t<p>Keymi Cleaning Services LLC es una empresa de limpieza profesional en Morristown, NJ, que atiende a clientes residenciales y comerciales en todo el condado de Morris.<\/p>\t\t\t\t\t\t\t\t<\/div>\n\t\t\t\t<\/div>\n\t\t\t\t<\/div>\n\t\t\t\t\t<\/div>\n\t\t\t\t<\/div>\n\t\t\t\t<\/div>","protected":false},"excerpt":{"rendered":"<p>cleaning team Keymi Cabrera Founder We make your home spotless When choosing a cleaning service, there are details that make a difference. There are the \u201cextras\u201d that make your home more comfortable \u2014 like changing the bedding or cleaning the inside of the refrigerator \u2014 and there are the essentials, such as being insured, having [&hellip;]<\/p>\n","protected":false},"author":1,"featured_media":0,"parent":0,"menu_order":0,"comment_status":"closed","ping_status":"closed","template":"","meta":{"_uag_custom_page_level_css":"","site-sidebar-layout":"no-sidebar","site-content-layout":"page-builder","ast-site-content-layout":"full-width-container","site-content-style":"unboxed","site-sidebar-style":"unboxed","ast-global-header-display":"","ast-banner-title-visibility":"","ast-main-header-display":"","ast-hfb-above-header-display":"","ast-hfb-below-header-display":"","ast-hfb-mobile-header-display":"","site-post-title":"disabled","ast-breadcrumbs-content":"","ast-featured-img":"disabled","footer-sml-layout":"","ast-disable-related-posts":"","theme-transparent-header-meta":"","adv-header-id-meta":"","stick-header-meta":"","header-above-stick-meta":"","header-main-stick-meta":"","header-below-stick-meta":"","astra-migrate-meta-layouts":"set","ast-page-background-enabled":"default","ast-page-background-meta":{"desktop":{"background-color":"","background-image":"","background-repeat":"repeat","background-position":"center center","background-size":"auto","background-attachment":"scroll","background-type":"","background-media":"","overlay-type":"","overlay-color":"","overlay-opacity":"","overlay-gradient":""},"tablet":{"background-color":"","background-image":"","background-repeat":"repeat","background-position":"center center","background-size":"auto","background-attachment":"scroll","background-type":"","background-media":"","overlay-type":"","overlay-color":"","overlay-opacity":"","overlay-gradient":""},"mobile":{"background-color":"","background-image":"","background-repeat":"repeat","background-position":"center center","background-size":"auto","background-attachment":"scroll","background-type":"","background-media":"","overlay-type":"","overlay-color":"","overlay-opacity":"","overlay-gradient":""}},"ast-content-background-meta":{"desktop":{"background-color":"var(--ast-global-color-5)","background-image":"","background-repeat":"repeat","background-position":"center center","background-size":"auto","background-attachment":"scroll","background-type":"","background-media":"","overlay-type":"","overlay-color":"","overlay-opacity":"","overlay-gradient":""},"tablet":{"background-color":"var(--ast-global-color-5)","background-image":"","background-repeat":"repeat","background-position":"center center","background-size":"auto","background-attachment":"scroll","background-type":"","background-media":"","overlay-type":"","overlay-color":"","overlay-opacity":"","overlay-gradient":""},"mobile":{"background-color":"var(--ast-global-color-5)","background-image":"","background-repeat":"repeat","background-position":"center center","background-size":"auto","background-attachment":"scroll","background-type":"","background-media":"","overlay-type":"","overlay-color":"","overlay-opacity":"","overlay-gradient":""}},"footnotes":""},"class_list":["post-2376","page","type-page","status-publish","hentry"],"_hostinger_reach_plugin_has_subscription_block":false,"_hostinger_reach_plugin_is_elementor":false,"uagb_featured_image_src":{"full":false,"thumbnail":false,"medium":false,"medium_large":false,"large":false,"1536x1536":false,"2048x2048":false,"trp-custom-language-flag":false},"uagb_author_info":{"display_name":"mendozaedwin1720","author_link":"https:\/\/keymicleaningservicesllc.com\/es\/author\/mendozaedwin1720\/"},"uagb_comment_info":0,"uagb_excerpt":"cleaning team Keymi Cabrera Founder We make your home spotless When choosing a cleaning service, there are details that make a difference. There are the \u201cextras\u201d that make your home more comfortable \u2014 like changing the bedding or cleaning the inside of the refrigerator \u2014 and there are the essentials, such as being insured, having&hellip;","_links":{"self":[{"href":"https:\/\/keymicleaningservicesllc.com\/es\/wp-json\/wp\/v2\/pages\/2376","targetHints":{"allow":["GET"]}}],"collection":[{"href":"https:\/\/keymicleaningservicesllc.com\/es\/wp-json\/wp\/v2\/pages"}],"about":[{"href":"https:\/\/keymicleaningservicesllc.com\/es\/wp-json\/wp\/v2\/types\/page"}],"author":[{"embeddable":true,"href":"https:\/\/keymicleaningservicesllc.com\/es\/wp-json\/wp\/v2\/users\/1"}],"replies":[{"embeddable":true,"href":"https:\/\/keymicleaningservicesllc.com\/es\/wp-json\/wp\/v2\/comments?post=2376"}],"version-history":[{"count":23,"href":"https:\/\/keymicleaningservicesllc.com\/es\/wp-json\/wp\/v2\/pages\/2376\/revisions"}],"predecessor-version":[{"id":2820,"href":"https:\/\/keymicleaningservicesllc.com\/es\/wp-json\/wp\/v2\/pages\/2376\/revisions\/2820"}],"wp:attachment":[{"href":"https:\/\/keymicleaningservicesllc.com\/es\/wp-json\/wp\/v2\/media?parent=2376"}],"curies":[{"name":"wp","href":"https:\/\/api.w.org\/{rel}","templated":true}]}}