{"id":23,"date":"2026-01-19T19:56:21","date_gmt":"2026-01-19T19:56:21","guid":{"rendered":"https:\/\/keymicleaningservicesllc.com\/commercial\/"},"modified":"2026-02-19T23:07:58","modified_gmt":"2026-02-19T23:07:58","slug":"commercial-services","status":"publish","type":"page","link":"https:\/\/keymicleaningservicesllc.com\/es\/services\/commercial-services\/","title":{"rendered":"Servicios Comerciales"},"content":{"rendered":"<div data-elementor-type=\"wp-post\" data-elementor-id=\"23\" class=\"elementor elementor-23\">\n\t\t\t\t<div class=\"elementor-element elementor-element-5f97155 e-flex e-con-boxed e-con e-parent\" data-id=\"5f97155\" data-element_type=\"container\" data-e-type=\"container\" data-settings=\"{&quot;background_background&quot;:&quot;classic&quot;}\">\n\t\t\t\t\t<div class=\"e-con-inner\">\n\t\t<div class=\"elementor-element elementor-element-a806476 e-con-full e-flex e-con e-child\" data-id=\"a806476\" data-element_type=\"container\" data-e-type=\"container\">\n\t\t\t\t<div class=\"elementor-element elementor-element-4f12077 elementor-widget elementor-widget-heading\" data-id=\"4f12077\" data-element_type=\"widget\" data-e-type=\"widget\" data-widget_type=\"heading.default\">\n\t\t\t\t<div class=\"elementor-widget-container\">\n\t\t\t\t\t<h1 class=\"elementor-heading-title elementor-size-default\">Servicios de Limpieza Comercial Morristown y todo el Condado de Morris, NJ<\/h1>\t\t\t\t<\/div>\n\t\t\t\t<\/div>\n\t\t\t\t<div class=\"elementor-element elementor-element-75396a1 elementor-widget elementor-widget-text-editor\" data-id=\"75396a1\" data-element_type=\"widget\" data-e-type=\"widget\" data-widget_type=\"text-editor.default\">\n\t\t\t\t<div class=\"elementor-widget-container\">\n\t\t\t\t\t\t\t\t\t<p>Soluciones profesionales, confiables y personalizadas para oficinas, espacios comerciales y \u00e1reas de negocios en Morristown y zonas cercanas.<\/p>\t\t\t\t\t\t\t\t<\/div>\n\t\t\t\t<\/div>\n\t\t\t\t<div class=\"elementor-element elementor-element-dbd057a elementor-align-center elementor-widget elementor-widget-button\" data-id=\"dbd057a\" data-element_type=\"widget\" data-e-type=\"widget\" data-widget_type=\"button.default\">\n\t\t\t\t<div class=\"elementor-widget-container\">\n\t\t\t\t\t\t\t\t\t<div class=\"elementor-button-wrapper\">\n\t\t\t\t\t<a class=\"elementor-button elementor-button-link elementor-size-sm elementor-animation-bounce-in\" href=\"#popmake-2561\">\n\t\t\t\t\t\t<span class=\"elementor-button-content-wrapper\">\n\t\t\t\t\t\t\t\t\t<span class=\"elementor-button-text\">obtener una cotizaci\u00f3n gratis<\/span>\n\t\t\t\t\t<\/span>\n\t\t\t\t\t<\/a>\n\t\t\t\t<\/div>\n\t\t\t\t\t\t\t\t<\/div>\n\t\t\t\t<\/div>\n\t\t\t\t<\/div>\n\t\t\t\t\t<\/div>\n\t\t\t\t<\/div>\n\t\t<div class=\"elementor-element elementor-element-78bcc9c e-flex e-con-boxed e-con e-parent\" data-id=\"78bcc9c\" data-element_type=\"container\" data-e-type=\"container\">\n\t\t\t\t\t<div class=\"e-con-inner\">\n\t\t<div class=\"elementor-element elementor-element-35fa61e e-con-full e-flex e-con e-child\" data-id=\"35fa61e\" data-element_type=\"container\" data-e-type=\"container\">\n\t\t\t\t<div class=\"elementor-element elementor-element-bf61f03 elementor-widget elementor-widget-text-editor\" data-id=\"bf61f03\" data-element_type=\"widget\" data-e-type=\"widget\" data-widget_type=\"text-editor.default\">\n\t\t\t\t<div class=\"elementor-widget-container\">\n\t\t\t\t\t\t\t\t\t<p data-start=\"774\" data-end=\"1046\">En Keymi Cleaning Services LLC, ayudamos a las empresas en el condado de Morris, NJ, a mantener sus espacios de trabajo limpios, organizados y seguros. Nuestro equipo est\u00e1 capacitado para ofrecer servicios comerciales con altos est\u00e1ndares de calidad, puntualidad y atenci\u00f3n al detalle.<br \/><br \/>Entendemos que la imagen de su negocio es importante. Por eso trabajamos de manera responsable y profesional en cada visita.<\/p>\t\t\t\t\t\t\t\t<\/div>\n\t\t\t\t<\/div>\n\t\t\t\t<\/div>\n\t\t\t\t\t<\/div>\n\t\t\t\t<\/div>\n\t\t<div class=\"elementor-element elementor-element-642cb63 e-flex e-con-boxed e-con e-parent\" data-id=\"642cb63\" data-element_type=\"container\" data-e-type=\"container\" data-settings=\"{&quot;background_background&quot;:&quot;classic&quot;}\">\n\t\t\t\t\t<div class=\"e-con-inner\">\n\t\t<div class=\"elementor-element elementor-element-3f37726 e-con-full e-flex e-con e-child\" data-id=\"3f37726\" data-element_type=\"container\" data-e-type=\"container\">\n\t\t\t\t<div class=\"elementor-element elementor-element-c3f45b3 elementor-widget elementor-widget-image-box\" data-id=\"c3f45b3\" data-element_type=\"widget\" data-e-type=\"widget\" data-widget_type=\"image-box.default\">\n\t\t\t\t<div class=\"elementor-widget-container\">\n\t\t\t\t\t<div class=\"elementor-image-box-wrapper\"><div class=\"elementor-image-box-content\"><h2 class=\"elementor-image-box-title\">Nuestros Servicios<\/h2><\/div><\/div>\t\t\t\t<\/div>\n\t\t\t\t<\/div>\n\t\t\t\t<\/div>\n\t\t\t\t\t<\/div>\n\t\t\t\t<\/div>\n\t\t<div class=\"elementor-element elementor-element-253ffdf e-flex e-con-boxed e-con e-parent\" data-id=\"253ffdf\" data-element_type=\"container\" data-e-type=\"container\">\n\t\t\t\t\t<div class=\"e-con-inner\">\n\t\t<div class=\"elementor-element elementor-element-fc7fc75 e-con-full e-flex e-con e-child\" data-id=\"fc7fc75\" data-element_type=\"container\" data-e-type=\"container\">\n\t\t<div class=\"elementor-element elementor-element-7bb755f e-con-full e-flex e-con e-child\" data-id=\"7bb755f\" data-element_type=\"container\" data-e-type=\"container\">\n\t\t\t\t<div class=\"elementor-element elementor-element-fb33406 elementor-widget elementor-widget-text-editor\" data-id=\"fb33406\" data-element_type=\"widget\" data-e-type=\"widget\" data-widget_type=\"text-editor.default\">\n\t\t\t\t<div class=\"elementor-widget-container\">\n\t\t\t\t\t\t\t\t\t<h2 data-start=\"1236\" data-end=\"1262\">\ud83e\uddfc Limpieza de oficinas<\/h2><p data-start=\"1264\" data-end=\"1344\">Mant\u00e9n un entorno de trabajo saludable y profesional para los empleados y clientes.<br \/><br \/>Incluye:<br \/>\u2022 Limpiar escritorios y superficies<br \/>\u2022 Desinfectar las \u00e1reas de alto contacto<br \/>\u2022 Aspirar y trapear los pisos<br \/>\u2022 Limpiar y desinfectar los ba\u00f1os<br \/>\u2022 Eliminaci\u00f3n de basura<\/p>\t\t\t\t\t\t\t\t<\/div>\n\t\t\t\t<\/div>\n\t\t\t\t<\/div>\n\t\t\t\t<\/div>\n\t\t<div class=\"elementor-element elementor-element-d4d5ca3 e-con-full e-flex e-con e-child\" data-id=\"d4d5ca3\" data-element_type=\"container\" data-e-type=\"container\">\n\t\t\t\t<div class=\"elementor-element elementor-element-61917d9 elementor-widget elementor-widget-image\" data-id=\"61917d9\" data-element_type=\"widget\" data-e-type=\"widget\" data-widget_type=\"image.default\">\n\t\t\t\t<div class=\"elementor-widget-container\">\n\t\t\t\t\t\t\t\t\t\t\t\t\t\t\t<img fetchpriority=\"high\" decoding=\"async\" width=\"1024\" height=\"683\" src=\"https:\/\/keymicleaningservicesllc.com\/wp-content\/uploads\/2026\/02\/comercial-1600x1200-1-1024x683.png\" class=\"attachment-large size-large wp-image-2656\" alt=\"comercial 1600x1200\" srcset=\"https:\/\/keymicleaningservicesllc.com\/wp-content\/uploads\/2026\/02\/comercial-1600x1200-1-1024x683.png 1024w, https:\/\/keymicleaningservicesllc.com\/wp-content\/uploads\/2026\/02\/comercial-1600x1200-1-300x200.png 300w, https:\/\/keymicleaningservicesllc.com\/wp-content\/uploads\/2026\/02\/comercial-1600x1200-1-768x512.png 768w, https:\/\/keymicleaningservicesllc.com\/wp-content\/uploads\/2026\/02\/comercial-1600x1200-1-18x12.png 18w, https:\/\/keymicleaningservicesllc.com\/wp-content\/uploads\/2026\/02\/comercial-1600x1200-1.png 1536w\" sizes=\"(max-width: 1024px) 100vw, 1024px\" \/>\t\t\t\t\t\t\t\t\t\t\t\t\t\t\t<\/div>\n\t\t\t\t<\/div>\n\t\t\t\t<\/div>\n\t\t<div class=\"elementor-element elementor-element-0991385 e-con-full e-flex e-con e-child\" data-id=\"0991385\" data-element_type=\"container\" data-e-type=\"container\">\n\t\t\t\t<div class=\"elementor-element elementor-element-fb5c79b elementor-widget elementor-widget-image\" data-id=\"fb5c79b\" data-element_type=\"widget\" data-e-type=\"widget\" data-widget_type=\"image.default\">\n\t\t\t\t<div class=\"elementor-widget-container\">\n\t\t\t\t\t\t\t\t\t\t\t\t\t\t\t<img decoding=\"async\" width=\"1024\" height=\"683\" src=\"https:\/\/keymicleaningservicesllc.com\/wp-content\/uploads\/2026\/02\/restaurante-1024x683.png\" class=\"attachment-large size-large wp-image-2658\" alt=\"restaurante\" srcset=\"https:\/\/keymicleaningservicesllc.com\/wp-content\/uploads\/2026\/02\/restaurante-1024x683.png 1024w, https:\/\/keymicleaningservicesllc.com\/wp-content\/uploads\/2026\/02\/restaurante-300x200.png 300w, https:\/\/keymicleaningservicesllc.com\/wp-content\/uploads\/2026\/02\/restaurante-768x512.png 768w, https:\/\/keymicleaningservicesllc.com\/wp-content\/uploads\/2026\/02\/restaurante-18x12.png 18w, https:\/\/keymicleaningservicesllc.com\/wp-content\/uploads\/2026\/02\/restaurante.png 1536w\" sizes=\"(max-width: 1024px) 100vw, 1024px\" \/>\t\t\t\t\t\t\t\t\t\t\t\t\t\t\t<\/div>\n\t\t\t\t<\/div>\n\t\t\t\t<\/div>\n\t\t<div class=\"elementor-element elementor-element-248a242 e-con-full e-flex e-con e-child\" data-id=\"248a242\" data-element_type=\"container\" data-e-type=\"container\">\n\t\t<div class=\"elementor-element elementor-element-ecb0376 e-con-full e-flex e-con e-child\" data-id=\"ecb0376\" data-element_type=\"container\" data-e-type=\"container\">\n\t\t\t\t<div class=\"elementor-element elementor-element-1fe0242 elementor-widget elementor-widget-text-editor\" data-id=\"1fe0242\" data-element_type=\"widget\" data-e-type=\"widget\" data-widget_type=\"text-editor.default\">\n\t\t\t\t<div class=\"elementor-widget-container\">\n\t\t\t\t\t\t\t\t\t<h2 data-start=\"1564\" data-end=\"1602\">\ud83d\udecd\ufe0f Limpieza de Espacios Comerciales<\/h2><p data-start=\"1604\" data-end=\"1683\">Causa una excelente primera impresi\u00f3n en tus clientes con un espacio impecable.<br \/><br \/>Incluye:<br \/>\u2022 Limpieza de suelos y ventanas<br \/>\u2022 Limpieza de estantes y mostradores<br \/>\u2022 Desinfecci\u00f3n de \u00e1reas de alto tr\u00e1fico<br \/>\u2022 Toques finales<\/p>\t\t\t\t\t\t\t\t<\/div>\n\t\t\t\t<\/div>\n\t\t\t\t<\/div>\n\t\t\t\t<\/div>\n\t\t\t\t\t<\/div>\n\t\t\t\t<\/div>\n\t\t<div class=\"elementor-element elementor-element-e65e1bf e-flex e-con-boxed e-con e-parent\" data-id=\"e65e1bf\" data-element_type=\"container\" data-e-type=\"container\" data-settings=\"{&quot;background_background&quot;:&quot;classic&quot;}\">\n\t\t\t\t\t<div class=\"e-con-inner\">\n\t\t<div class=\"elementor-element elementor-element-a9494eb e-con-full e-flex e-con e-child\" data-id=\"a9494eb\" data-element_type=\"container\" data-e-type=\"container\">\n\t\t<div class=\"elementor-element elementor-element-74d21f5 e-con-full e-flex e-con e-child\" data-id=\"74d21f5\" data-element_type=\"container\" data-e-type=\"container\">\n\t\t\t\t<div class=\"elementor-element elementor-element-2b3e08b elementor-widget elementor-widget-text-editor\" data-id=\"2b3e08b\" data-element_type=\"widget\" data-e-type=\"widget\" data-widget_type=\"text-editor.default\">\n\t\t\t\t<div class=\"elementor-widget-container\">\n\t\t\t\t\t\t\t\t\t<h2 data-start=\"1865\" data-end=\"1920\">\ud83c\udfe5Limpieza de Oficinas y Espacios Profesionales<\/h2><p data-start=\"1922\" data-end=\"2001\">Servicio especializado para entornos que requieren altos est\u00e1ndares de higiene.<br \/><br \/>Incluye:<br \/>\u2022 Desinfecci\u00f3n profunda de superficies<br \/>\u2022 Limpieza de las \u00e1reas de atenci\u00f3n<br \/>\u2022 Desinfecci\u00f3n de la sala de espera<br \/>\u2022 Eliminaci\u00f3n adecuada de residuos no peligrosos<\/p>\t\t\t\t\t\t\t\t<\/div>\n\t\t\t\t<\/div>\n\t\t\t\t<\/div>\n\t\t\t\t<\/div>\n\t\t<div class=\"elementor-element elementor-element-8878636 e-con-full e-flex e-con e-child\" data-id=\"8878636\" data-element_type=\"container\" data-e-type=\"container\">\n\t\t\t\t<div class=\"elementor-element elementor-element-68fb4de elementor-widget elementor-widget-image\" data-id=\"68fb4de\" data-element_type=\"widget\" data-e-type=\"widget\" data-widget_type=\"image.default\">\n\t\t\t\t<div class=\"elementor-widget-container\">\n\t\t\t\t\t\t\t\t\t\t\t\t\t\t\t<img decoding=\"async\" width=\"1024\" height=\"683\" src=\"https:\/\/keymicleaningservicesllc.com\/wp-content\/uploads\/2026\/02\/consultorio-1600x1200-1-1024x683.png\" class=\"attachment-large size-large wp-image-2657\" alt=\"consultorio 1600x1200\" srcset=\"https:\/\/keymicleaningservicesllc.com\/wp-content\/uploads\/2026\/02\/consultorio-1600x1200-1-1024x683.png 1024w, https:\/\/keymicleaningservicesllc.com\/wp-content\/uploads\/2026\/02\/consultorio-1600x1200-1-300x200.png 300w, https:\/\/keymicleaningservicesllc.com\/wp-content\/uploads\/2026\/02\/consultorio-1600x1200-1-768x512.png 768w, https:\/\/keymicleaningservicesllc.com\/wp-content\/uploads\/2026\/02\/consultorio-1600x1200-1-18x12.png 18w, https:\/\/keymicleaningservicesllc.com\/wp-content\/uploads\/2026\/02\/consultorio-1600x1200-1.png 1536w\" sizes=\"(max-width: 1024px) 100vw, 1024px\" \/>\t\t\t\t\t\t\t\t\t\t\t\t\t\t\t<\/div>\n\t\t\t\t<\/div>\n\t\t\t\t<\/div>\n\t\t<div class=\"elementor-element elementor-element-c065e0f e-con-full e-flex e-con e-child\" data-id=\"c065e0f\" data-element_type=\"container\" data-e-type=\"container\">\n\t\t\t\t<div class=\"elementor-element elementor-element-812c587 elementor-widget elementor-widget-image\" data-id=\"812c587\" data-element_type=\"widget\" data-e-type=\"widget\" data-widget_type=\"image.default\">\n\t\t\t\t<div class=\"elementor-widget-container\">\n\t\t\t\t\t\t\t\t\t\t\t\t\t\t\t<img loading=\"lazy\" decoding=\"async\" width=\"1024\" height=\"683\" src=\"https:\/\/keymicleaningservicesllc.com\/wp-content\/uploads\/2026\/02\/oficina-1600x1200-1-1024x683.png\" class=\"attachment-large size-large wp-image-2655\" alt=\"oficina 1600x1200\" srcset=\"https:\/\/keymicleaningservicesllc.com\/wp-content\/uploads\/2026\/02\/oficina-1600x1200-1-1024x683.png 1024w, https:\/\/keymicleaningservicesllc.com\/wp-content\/uploads\/2026\/02\/oficina-1600x1200-1-300x200.png 300w, https:\/\/keymicleaningservicesllc.com\/wp-content\/uploads\/2026\/02\/oficina-1600x1200-1-768x512.png 768w, https:\/\/keymicleaningservicesllc.com\/wp-content\/uploads\/2026\/02\/oficina-1600x1200-1-18x12.png 18w, https:\/\/keymicleaningservicesllc.com\/wp-content\/uploads\/2026\/02\/oficina-1600x1200-1.png 1536w\" sizes=\"(max-width: 1024px) 100vw, 1024px\" \/>\t\t\t\t\t\t\t\t\t\t\t\t\t\t\t<\/div>\n\t\t\t\t<\/div>\n\t\t\t\t<\/div>\n\t\t<div class=\"elementor-element elementor-element-1178647 e-con-full e-flex e-con e-child\" data-id=\"1178647\" data-element_type=\"container\" data-e-type=\"container\">\n\t\t<div class=\"elementor-element elementor-element-208394c e-con-full e-flex e-con e-child\" data-id=\"208394c\" data-element_type=\"container\" data-e-type=\"container\">\n\t\t\t\t<div class=\"elementor-element elementor-element-9952fed elementor-widget elementor-widget-text-editor\" data-id=\"9952fed\" data-element_type=\"widget\" data-e-type=\"widget\" data-widget_type=\"text-editor.default\">\n\t\t\t\t<div class=\"elementor-widget-container\">\n\t\t\t\t\t\t\t\t\t<h2 data-start=\"2209\" data-end=\"2251\">\ud83e\uddf9 Servicio de Mantenimiento Programado<\/h2><p data-start=\"2253\" data-end=\"2378\">Planes de limpieza personalizados semanales, quincenales o mensuales para mantener su negocio siempre en \u00f3ptimas condiciones.<\/p>\t\t\t\t\t\t\t\t<\/div>\n\t\t\t\t<\/div>\n\t\t\t\t<\/div>\n\t\t\t\t<\/div>\n\t\t\t\t\t<\/div>\n\t\t\t\t<\/div>\n\t\t<div class=\"elementor-element elementor-element-1f19cf1 e-flex e-con-boxed e-con e-parent\" data-id=\"1f19cf1\" data-element_type=\"container\" data-e-type=\"container\">\n\t\t\t\t\t<div class=\"e-con-inner\">\n\t\t<div class=\"elementor-element elementor-element-6cc5f02 e-con-full e-flex e-con e-child\" data-id=\"6cc5f02\" data-element_type=\"container\" data-e-type=\"container\">\n\t\t\t\t<div class=\"elementor-element elementor-element-db803f8 elementor-widget elementor-widget-text-editor\" data-id=\"db803f8\" data-element_type=\"widget\" data-e-type=\"widget\" data-widget_type=\"text-editor.default\">\n\t\t\t\t<div class=\"elementor-widget-container\">\n\t\t\t\t\t\t\t\t\t<p><strong>Tu negocio merece un espacio limpio y profesional.<\/strong><\/p><p><strong>Conf\u00ede en Keymi Cleaning Services LLC para mantener su empresa en las mejores condiciones.<\/strong><\/p>\t\t\t\t\t\t\t\t<\/div>\n\t\t\t\t<\/div>\n\t\t\t\t<div class=\"elementor-element elementor-element-652e81b elementor-align-center elementor-widget elementor-widget-button\" data-id=\"652e81b\" data-element_type=\"widget\" data-e-type=\"widget\" data-widget_type=\"button.default\">\n\t\t\t\t<div class=\"elementor-widget-container\">\n\t\t\t\t\t\t\t\t\t<div class=\"elementor-button-wrapper\">\n\t\t\t\t\t<a class=\"elementor-button elementor-button-link elementor-size-sm elementor-animation-bounce-in\" href=\"#popmake-2561\">\n\t\t\t\t\t\t<span class=\"elementor-button-content-wrapper\">\n\t\t\t\t\t\t\t\t\t<span class=\"elementor-button-text\">Solicita un presupuesto ahora<\/span>\n\t\t\t\t\t<\/span>\n\t\t\t\t\t<\/a>\n\t\t\t\t<\/div>\n\t\t\t\t\t\t\t\t<\/div>\n\t\t\t\t<\/div>\n\t\t\t\t<\/div>\n\t\t\t\t\t<\/div>\n\t\t\t\t<\/div>\n\t\t\t\t<\/div>","protected":false},"excerpt":{"rendered":"<p>Commercial Cleaning Services in Morris County, NJ Professional, reliable, and customized solutions for offices, commercial spaces, and business areas in Morristown and nearby areas. Request a free quote At Keymi Cleaning Services LLC, we help businesses in Morris County, NJ keep their workspaces clean, organized, and safe. Our team is trained to provide commercial services [&hellip;]<\/p>\n","protected":false},"author":1,"featured_media":0,"parent":2377,"menu_order":0,"comment_status":"closed","ping_status":"closed","template":"","meta":{"_uag_custom_page_level_css":"","site-sidebar-layout":"no-sidebar","site-content-layout":"page-builder","ast-site-content-layout":"full-width-container","site-content-style":"unboxed","site-sidebar-style":"unboxed","ast-global-header-display":"","ast-banner-title-visibility":"","ast-main-header-display":"","ast-hfb-above-header-display":"","ast-hfb-below-header-display":"","ast-hfb-mobile-header-display":"","site-post-title":"disabled","ast-breadcrumbs-content":"","ast-featured-img":"disabled","footer-sml-layout":"","ast-disable-related-posts":"","theme-transparent-header-meta":"","adv-header-id-meta":"","stick-header-meta":"","header-above-stick-meta":"","header-main-stick-meta":"","header-below-stick-meta":"","astra-migrate-meta-layouts":"set","ast-page-background-enabled":"default","ast-page-background-meta":{"desktop":{"background-color":"","background-image":"","background-repeat":"repeat","background-position":"center center","background-size":"auto","background-attachment":"scroll","background-type":"","background-media":"","overlay-type":"","overlay-color":"","overlay-opacity":"","overlay-gradient":""},"tablet":{"background-color":"","background-image":"","background-repeat":"repeat","background-position":"center center","background-size":"auto","background-attachment":"scroll","background-type":"","background-media":"","overlay-type":"","overlay-color":"","overlay-opacity":"","overlay-gradient":""},"mobile":{"background-color":"","background-image":"","background-repeat":"repeat","background-position":"center center","background-size":"auto","background-attachment":"scroll","background-type":"","background-media":"","overlay-type":"","overlay-color":"","overlay-opacity":"","overlay-gradient":""}},"ast-content-background-meta":{"desktop":{"background-color":"var(--ast-global-color-5)","background-image":"","background-repeat":"repeat","background-position":"center center","background-size":"auto","background-attachment":"scroll","background-type":"","background-media":"","overlay-type":"","overlay-color":"","overlay-opacity":"","overlay-gradient":""},"tablet":{"background-color":"var(--ast-global-color-5)","background-image":"","background-repeat":"repeat","background-position":"center center","background-size":"auto","background-attachment":"scroll","background-type":"","background-media":"","overlay-type":"","overlay-color":"","overlay-opacity":"","overlay-gradient":""},"mobile":{"background-color":"var(--ast-global-color-5)","background-image":"","background-repeat":"repeat","background-position":"center center","background-size":"auto","background-attachment":"scroll","background-type":"","background-media":"","overlay-type":"","overlay-color":"","overlay-opacity":"","overlay-gradient":""}},"footnotes":""},"class_list":["post-23","page","type-page","status-publish","hentry"],"_hostinger_reach_plugin_has_subscription_block":false,"_hostinger_reach_plugin_is_elementor":false,"uagb_featured_image_src":{"full":false,"thumbnail":false,"medium":false,"medium_large":false,"large":false,"1536x1536":false,"2048x2048":false,"trp-custom-language-flag":false},"uagb_author_info":{"display_name":"mendozaedwin1720","author_link":"https:\/\/keymicleaningservicesllc.com\/es\/author\/mendozaedwin1720\/"},"uagb_comment_info":0,"uagb_excerpt":"Commercial Cleaning Services in Morris County, NJ Professional, reliable, and customized solutions for offices, commercial spaces, and business areas in Morristown and nearby areas. Request a free quote At Keymi Cleaning Services LLC, we help businesses in Morris County, NJ keep their workspaces clean, organized, and safe. Our team is trained to provide commercial services&hellip;","_links":{"self":[{"href":"https:\/\/keymicleaningservicesllc.com\/es\/wp-json\/wp\/v2\/pages\/23","targetHints":{"allow":["GET"]}}],"collection":[{"href":"https:\/\/keymicleaningservicesllc.com\/es\/wp-json\/wp\/v2\/pages"}],"about":[{"href":"https:\/\/keymicleaningservicesllc.com\/es\/wp-json\/wp\/v2\/types\/page"}],"author":[{"embeddable":true,"href":"https:\/\/keymicleaningservicesllc.com\/es\/wp-json\/wp\/v2\/users\/1"}],"replies":[{"embeddable":true,"href":"https:\/\/keymicleaningservicesllc.com\/es\/wp-json\/wp\/v2\/comments?post=23"}],"version-history":[{"count":35,"href":"https:\/\/keymicleaningservicesllc.com\/es\/wp-json\/wp\/v2\/pages\/23\/revisions"}],"predecessor-version":[{"id":2788,"href":"https:\/\/keymicleaningservicesllc.com\/es\/wp-json\/wp\/v2\/pages\/23\/revisions\/2788"}],"up":[{"embeddable":true,"href":"https:\/\/keymicleaningservicesllc.com\/es\/wp-json\/wp\/v2\/pages\/2377"}],"wp:attachment":[{"href":"https:\/\/keymicleaningservicesllc.com\/es\/wp-json\/wp\/v2\/media?parent=23"}],"curies":[{"name":"wp","href":"https:\/\/api.w.org\/{rel}","templated":true}]}}